{"id":261,"date":"2023-08-06T10:10:35","date_gmt":"2023-08-06T10:10:35","guid":{"rendered":"http:\/\/demo.snstheme.com\/wp\/vicky\/?page_id=261"},"modified":"2023-08-17T19:21:04","modified_gmt":"2023-08-17T19:21:04","slug":"about-us","status":"publish","type":"page","link":"https:\/\/edomosheabutter.com\/nl\/about-us\/","title":{"rendered":"Over Ons"},"content":{"rendered":"<section class=\"wpb-content-wrapper\"><div data-vc-full-width=\"true\" data-vc-full-width-init=\"false\" class=\"vc_row wpb_row vc_row-fluid vc_custom_1691445671345\"><div class=\"wpb_column vc_column_container vc_col-sm-12\"><div class=\"vc_column-inner vc_custom_1692019378303\"><div class=\"wpb_wrapper\"><div class=\"vc_row wpb_row vc_inner vc_row-fluid vc_column-gap-30 vc_row-o-equal-height vc_row-o-content-middle vc_row-flex\"><div class=\"wpb_column vc_column_container vc_col-sm-6\"><div class=\"vc_column-inner vc_custom_1692019372830\"><div class=\"wpb_wrapper\"><h2 style=\"font-size: 40px;color: #20a754;text-align: left\" class=\"vc_custom_heading\" >Over Edomo<\/h2><div class=\"vc_empty_space\"   style=\"height: 30px\"><span class=\"vc_empty_space_inner\"><\/span><\/div>\n\t<div class=\"wpb_text_column wpb_content_element  vc_custom_1692019955310\" >\n\t\t<div class=\"wpb_wrapper\">\n\t\t\t<p>Hierbij EDOMO bieden we onze klanten 100% organische karit\u00e9 boter van hogen kwaliteit aan. EDOMO karit\u00e9 boter is afkomstig van noord Ghana (de Savannah ecologische zone) waar de karit\u00e9 boom leeft.<\/p>\n<p>EDOMO karit\u00e9 boter maakt gebruik van de traditionele \u2018cold press\u2019 techniek in Ghana. Dit bewaart de natuurlijke eigenschappen van het eindproduct omdat er zo geen toegevoegde stoffen worden gebruikt bij het maken van EDOMO karit\u00e9 boter.<\/p>\n<p>Wij werken direct met de producent en kunnen dus garanderen dat we met grondstoffen van de beste kwaliteit werken. Ook zorgen we ervoor dat onze producent een eerlijke verloning krijgt omdat ook hun welvaart en welzijn ons aangaat.<\/p>\n<p>EDOMO is trots om onze klanten 100% organische karit\u00e9 boter van de beste kwaliteit aan te bieden.<\/p>\n\n\t\t<\/div>\n\t<\/div>\n<\/div><\/div><\/div><div class=\"wpb_column vc_column_container vc_col-sm-6 vc_col-has-fill\"><div class=\"vc_column-inner vc_custom_1692299876574\"><div class=\"wpb_wrapper\"><div class=\"vc_empty_space\"   style=\"height: 480px\"><span class=\"vc_empty_space_inner\"><\/span><\/div><\/div><\/div><\/div><\/div><div class=\"vc_empty_space\"   style=\"height: 30px\"><span class=\"vc_empty_space_inner\"><\/span><\/div><div class=\"vc_row wpb_row vc_inner vc_row-fluid vc_custom_1692018888158 vc_row-has-fill\"><div class=\"wpb_column vc_column_container vc_col-sm-12\"><div class=\"vc_column-inner vc_custom_1692018909109\"><div class=\"wpb_wrapper\">\n\t<div class=\"wpb_text_column wpb_content_element  vc_custom_1692018770614\" >\n\t\t<div class=\"wpb_wrapper\">\n\t\t\t<p><em>Het is belangrijk op te merken dat hoewel veel mensen sheaboter heilzaam vinden voor hun huid en haar, individuele reacties kunnen verschillen. Als je specifieke huidaandoeningen of zorgen hebt, is het een goed idee om een dermatoloog te raadplegen voordat je nieuwe producten in je huidverzorgingsroutine opneemt.<\/em><\/p>\n\n\t\t<\/div>\n\t<\/div>\n<\/div><\/div><\/div><\/div><\/div><\/div><\/div><\/div><div class=\"vc_row-full-width vc_clearfix\"><\/div><div data-vc-full-width=\"true\" data-vc-full-width-init=\"false\" class=\"vc_row wpb_row vc_row-fluid vc_custom_1691445763785 vc_row-has-fill\"><div class=\"wpb_column vc_column_container vc_col-sm-12\"><div class=\"vc_column-inner vc_custom_1691445518497\"><div class=\"wpb_wrapper\"><h2 style=\"font-size: 40px;text-align: center\" class=\"vc_custom_heading\" >Onze kernwaarden<\/h2><div class=\"vc_empty_space\"   style=\"height: 50px\"><span class=\"vc_empty_space_inner\"><\/span><\/div><div class=\"vc_row wpb_row vc_inner vc_row-fluid\"><div class=\"wpb_column vc_column_container vc_col-sm-4\"><div class=\"vc_column-inner\"><div class=\"wpb_wrapper\">\n\t<div  class=\"wpb_single_image wpb_content_element vc_align_center  vc_custom_1692300005234\">\n\t\t\n\t\t<figure class=\"wpb_wrapper vc_figure\">\n\t\t\t<div class=\"vc_single_image-wrapper   vc_box_border_grey\"><img loading=\"lazy\" decoding=\"async\" class=\"vc_single_image-img\" src=\"https:\/\/edomosheabutter.com\/wp-content\/uploads\/2023\/08\/user-engagement-100x100.png\" width=\"100\" height=\"100\" alt=\"user-engagement\" title=\"user-engagement\" \/><\/div>\n\t\t<\/figure>\n\t<\/div>\n<h4 style=\"font-size: 20px;text-align: center\" class=\"vc_custom_heading\" >Klantgericht<\/h4><\/div><\/div><\/div><div class=\"wpb_column vc_column_container vc_col-sm-4\"><div class=\"vc_column-inner\"><div class=\"wpb_wrapper\">\n\t<div  class=\"wpb_single_image wpb_content_element vc_align_center  vc_custom_1692300012538\">\n\t\t\n\t\t<figure class=\"wpb_wrapper vc_figure\">\n\t\t\t<div class=\"vc_single_image-wrapper   vc_box_border_grey\"><img loading=\"lazy\" decoding=\"async\" class=\"vc_single_image-img\" src=\"https:\/\/edomosheabutter.com\/wp-content\/uploads\/2023\/08\/quality-100x100.png\" width=\"100\" height=\"100\" alt=\"quality\" title=\"quality\" \/><\/div>\n\t\t<\/figure>\n\t<\/div>\n<h4 style=\"font-size: 20px;text-align: center\" class=\"vc_custom_heading\" >Kwalitatief<\/h4><\/div><\/div><\/div><div class=\"wpb_column vc_column_container vc_col-sm-4\"><div class=\"vc_column-inner\"><div class=\"wpb_wrapper\">\n\t<div  class=\"wpb_single_image wpb_content_element vc_align_center  vc_custom_1692300023865\">\n\t\t\n\t\t<figure class=\"wpb_wrapper vc_figure\">\n\t\t\t<div class=\"vc_single_image-wrapper   vc_box_border_grey\"><img loading=\"lazy\" decoding=\"async\" class=\"vc_single_image-img\" src=\"https:\/\/edomosheabutter.com\/wp-content\/uploads\/2023\/08\/responsibility-100x100.png\" width=\"100\" height=\"100\" alt=\"responsibility\" title=\"responsibility\" \/><\/div>\n\t\t<\/figure>\n\t<\/div>\n<h4 style=\"font-size: 20px;text-align: center\" class=\"vc_custom_heading\" >Verantwoordelijk<\/h4><\/div><\/div><\/div><\/div><\/div><\/div><\/div><\/div><div class=\"vc_row-full-width vc_clearfix\"><\/div>\n<\/section>","protected":false},"excerpt":{"rendered":"About Edomo At EDOMO we bring to our customers\u2019 high quality 100% organic shea butter. EDOMO shea butter is sourced from the northern sector of Ghana (Savannah ecological zone) where the shea tree thrives. EDOMO SHEA BUTTER is produced using the age old tried and tested traditional method of \u2018cold press\u2019 in Ghana-Africa. This process [...]","protected":false},"author":1,"featured_media":0,"parent":0,"menu_order":0,"comment_status":"closed","ping_status":"closed","template":"","meta":{"footnotes":""},"class_list":["post-261","page","type-page","status-publish","hentry"],"yoast_head":"<!-- This site is optimized with the Yoast SEO plugin v26.9 - https:\/\/yoast.com\/product\/yoast-seo-wordpress\/ -->\n<title>About Us - Edomo Shea Butter<\/title>\n<meta name=\"robots\" content=\"index, follow, max-snippet:-1, max-image-preview:large, max-video-preview:-1\" \/>\n<link rel=\"canonical\" href=\"https:\/\/edomosheabutter.com\/nl\/about-us\/\" \/>\n<meta property=\"og:locale\" content=\"nl_BE\" \/>\n<meta property=\"og:type\" content=\"article\" \/>\n<meta property=\"og:title\" content=\"About Us - Edomo Shea Butter\" \/>\n<meta property=\"og:url\" content=\"https:\/\/edomosheabutter.com\/nl\/about-us\/\" \/>\n<meta property=\"og:site_name\" content=\"Edomo Shea Butter\" \/>\n<meta property=\"article:modified_time\" content=\"2023-08-17T19:21:04+00:00\" \/>\n<meta name=\"twitter:card\" content=\"summary_large_image\" \/>\n<meta name=\"twitter:label1\" content=\"Est. reading time\" \/>\n\t<meta name=\"twitter:data1\" content=\"4 minutes\" \/>\n<script type=\"application\/ld+json\" class=\"yoast-schema-graph\">{\"@context\":\"https:\/\/schema.org\",\"@graph\":[{\"@type\":\"WebPage\",\"@id\":\"https:\/\/edomosheabutter.com\/about-us\/\",\"url\":\"https:\/\/edomosheabutter.com\/about-us\/\",\"name\":\"About Us - Edomo Shea Butter\",\"isPartOf\":{\"@id\":\"http:\/\/edomosheabutter.com\/nl\/#website\"},\"datePublished\":\"2023-08-06T10:10:35+00:00\",\"dateModified\":\"2023-08-17T19:21:04+00:00\",\"breadcrumb\":{\"@id\":\"https:\/\/edomosheabutter.com\/about-us\/#breadcrumb\"},\"inLanguage\":\"nl-BE\",\"potentialAction\":[{\"@type\":\"ReadAction\",\"target\":[\"https:\/\/edomosheabutter.com\/about-us\/\"]}]},{\"@type\":\"BreadcrumbList\",\"@id\":\"https:\/\/edomosheabutter.com\/about-us\/#breadcrumb\",\"itemListElement\":[{\"@type\":\"ListItem\",\"position\":1,\"name\":\"Home\",\"item\":\"https:\/\/edomosheabutter.com\/\"},{\"@type\":\"ListItem\",\"position\":2,\"name\":\"About Us\"}]},{\"@type\":\"WebSite\",\"@id\":\"http:\/\/edomosheabutter.com\/nl\/#website\",\"url\":\"http:\/\/edomosheabutter.com\/nl\/\",\"name\":\"Edomo Shea Butter\",\"description\":\"Love Natural Skin &amp; hair\",\"publisher\":{\"@id\":\"http:\/\/edomosheabutter.com\/nl\/#organization\"},\"potentialAction\":[{\"@type\":\"SearchAction\",\"target\":{\"@type\":\"EntryPoint\",\"urlTemplate\":\"http:\/\/edomosheabutter.com\/nl\/?s={search_term_string}\"},\"query-input\":{\"@type\":\"PropertyValueSpecification\",\"valueRequired\":true,\"valueName\":\"search_term_string\"}}],\"inLanguage\":\"nl-BE\"},{\"@type\":\"Organization\",\"@id\":\"http:\/\/edomosheabutter.com\/nl\/#organization\",\"name\":\"Edomo Shea Butter\",\"url\":\"http:\/\/edomosheabutter.com\/nl\/\",\"logo\":{\"@type\":\"ImageObject\",\"inLanguage\":\"nl-BE\",\"@id\":\"http:\/\/edomosheabutter.com\/nl\/#\/schema\/logo\/image\/\",\"url\":\"https:\/\/edomosheabutter.com\/wp-content\/uploads\/2023\/08\/Edomo-Shea-Butter-Logo-v2.png\",\"contentUrl\":\"https:\/\/edomosheabutter.com\/wp-content\/uploads\/2023\/08\/Edomo-Shea-Butter-Logo-v2.png\",\"width\":250,\"height\":85,\"caption\":\"Edomo Shea Butter\"},\"image\":{\"@id\":\"http:\/\/edomosheabutter.com\/nl\/#\/schema\/logo\/image\/\"}}]}<\/script>\n<!-- \/ Yoast SEO plugin. -->","yoast_head_json":{"title":"About Us - Edomo Shea Butter","robots":{"index":"index","follow":"follow","max-snippet":"max-snippet:-1","max-image-preview":"max-image-preview:large","max-video-preview":"max-video-preview:-1"},"canonical":"https:\/\/edomosheabutter.com\/nl\/about-us\/","og_locale":"nl_BE","og_type":"article","og_title":"About Us - Edomo Shea Butter","og_url":"https:\/\/edomosheabutter.com\/nl\/about-us\/","og_site_name":"Edomo Shea Butter","article_modified_time":"2023-08-17T19:21:04+00:00","twitter_card":"summary_large_image","twitter_misc":{"Est. reading time":"4 minutes"},"schema":{"@context":"https:\/\/schema.org","@graph":[{"@type":"WebPage","@id":"https:\/\/edomosheabutter.com\/about-us\/","url":"https:\/\/edomosheabutter.com\/about-us\/","name":"About Us - Edomo Shea Butter","isPartOf":{"@id":"http:\/\/edomosheabutter.com\/nl\/#website"},"datePublished":"2023-08-06T10:10:35+00:00","dateModified":"2023-08-17T19:21:04+00:00","breadcrumb":{"@id":"https:\/\/edomosheabutter.com\/about-us\/#breadcrumb"},"inLanguage":"nl-BE","potentialAction":[{"@type":"ReadAction","target":["https:\/\/edomosheabutter.com\/about-us\/"]}]},{"@type":"BreadcrumbList","@id":"https:\/\/edomosheabutter.com\/about-us\/#breadcrumb","itemListElement":[{"@type":"ListItem","position":1,"name":"Home","item":"https:\/\/edomosheabutter.com\/"},{"@type":"ListItem","position":2,"name":"About Us"}]},{"@type":"WebSite","@id":"http:\/\/edomosheabutter.com\/nl\/#website","url":"http:\/\/edomosheabutter.com\/nl\/","name":"Edomo Karit\u00e9 Boter","description":"Love Natural Skin &amp; hair","publisher":{"@id":"http:\/\/edomosheabutter.com\/nl\/#organization"},"potentialAction":[{"@type":"SearchAction","target":{"@type":"EntryPoint","urlTemplate":"http:\/\/edomosheabutter.com\/nl\/?s={search_term_string}"},"query-input":{"@type":"PropertyValueSpecification","valueRequired":true,"valueName":"search_term_string"}}],"inLanguage":"nl-BE"},{"@type":"Organization","@id":"http:\/\/edomosheabutter.com\/nl\/#organization","name":"Edomo Karit\u00e9 Boter","url":"http:\/\/edomosheabutter.com\/nl\/","logo":{"@type":"ImageObject","inLanguage":"nl-BE","@id":"http:\/\/edomosheabutter.com\/nl\/#\/schema\/logo\/image\/","url":"https:\/\/edomosheabutter.com\/wp-content\/uploads\/2023\/08\/Edomo-Shea-Butter-Logo-v2.png","contentUrl":"https:\/\/edomosheabutter.com\/wp-content\/uploads\/2023\/08\/Edomo-Shea-Butter-Logo-v2.png","width":250,"height":85,"caption":"Edomo Shea Butter"},"image":{"@id":"http:\/\/edomosheabutter.com\/nl\/#\/schema\/logo\/image\/"}}]}},"_links":{"self":[{"href":"https:\/\/edomosheabutter.com\/nl\/wp-json\/wp\/v2\/pages\/261","targetHints":{"allow":["GET"]}}],"collection":[{"href":"https:\/\/edomosheabutter.com\/nl\/wp-json\/wp\/v2\/pages"}],"about":[{"href":"https:\/\/edomosheabutter.com\/nl\/wp-json\/wp\/v2\/types\/page"}],"author":[{"embeddable":true,"href":"https:\/\/edomosheabutter.com\/nl\/wp-json\/wp\/v2\/users\/1"}],"replies":[{"embeddable":true,"href":"https:\/\/edomosheabutter.com\/nl\/wp-json\/wp\/v2\/comments?post=261"}],"version-history":[{"count":47,"href":"https:\/\/edomosheabutter.com\/nl\/wp-json\/wp\/v2\/pages\/261\/revisions"}],"predecessor-version":[{"id":1039,"href":"https:\/\/edomosheabutter.com\/nl\/wp-json\/wp\/v2\/pages\/261\/revisions\/1039"}],"wp:attachment":[{"href":"https:\/\/edomosheabutter.com\/nl\/wp-json\/wp\/v2\/media?parent=261"}],"curies":[{"name":"wp","href":"https:\/\/api.w.org\/{rel}","templated":true}]}}